{"id":37052,"date":"2026-02-13T19:17:15","date_gmt":"2026-02-13T18:17:15","guid":{"rendered":"https:\/\/www.saloncardinal.com\/?post_type=product&#038;p=37052"},"modified":"2026-02-13T19:38:48","modified_gmt":"2026-02-13T18:38:48","slug":"designova-stojaci-lampa-polifemo","status":"publish","type":"product","link":"https:\/\/www.saloncardinal.com\/ru\/produkt\/designova-stojaci-lampa-polifemo\/","title":{"rendered":"POLIFEMO"},"content":{"rendered":"<p>Designov\u00e1 stojac\u00ed lampa POLIFEMO od italsk\u00e9 zna\u010dky Otylight kombinuje \u010dist\u00e9 minimalistick\u00e9 linie s pokro\u010dilou sv\u011btelnou funkc\u00ed a ergonomi\u00ed, kter\u00e1 uspokoj\u00ed jak modern\u00ed interi\u00e9ry, tak n\u00e1ro\u010dn\u00e9 u\u017eivatele. Tato lampa je vybavena praktick\u00fdm dimmerem s funkc\u00ed \u201eno\u010dn\u00ed sv\u011btlo\u201c, kter\u00e1 umo\u017e\u0148uje snadn\u00e9 nastaven\u00ed intenzity osv\u011btlen\u00ed podle pot\u0159eby &#8212; od n\u00e1ladov\u00e9ho m\u011bkk\u00e9ho sv\u011btla a\u017e po siln\u011bj\u0161\u00ed sv\u011bteln\u00fd zdroj pro \u010dten\u00ed \u010di pr\u00e1ci.<\/p>\n<p>Stojac\u00ed lampa POLIFEMO je ide\u00e1ln\u00ed volbou pro ob\u00fdvac\u00ed pokoje, lo\u017enice, pracovny nebo jin\u00e9 reprezentativn\u00ed prostory, kde sv\u011btlo dopl\u0148uje atmosf\u00e9ru a p\u0159isp\u00edv\u00e1 k pohodl\u00ed a komfortu ka\u017edodenn\u00edho pou\u017e\u00edv\u00e1n\u00ed.<\/p>\n<p>K\u00f3d: POP 12 POLIFEMO PF1<\/p>\n<p>\u00daprava: Black \/ Copper<\/p>\n<div class=\"info\">Rozm\u011bry: \u00d8 27 \u0445 140 cm.<\/div>\n<div class=\"info\">\n<div class=\"info\"><\/div>\n<\/div>\n","protected":false},"excerpt":{"rendered":"<p>Designov\u00e1 stojac\u00ed lampa POLIFEMO od italsk\u00e9 zna\u010dky Otylight kombinuje \u010dist\u00e9 minimalistick\u00e9 linie s pokro\u010dilou sv\u011btelnou funkc\u00ed a ergonomi\u00ed, kter\u00e1 uspokoj\u00ed jak modern\u00ed interi\u00e9ry, tak n\u00e1ro\u010dn\u00e9 u\u017eivatele. Tato lampa je vybavena praktick\u00fdm dimmerem s funkc\u00ed \u201eno\u010dn\u00ed sv\u011btlo\u201c, kter\u00e1 umo\u017e\u0148uje snadn\u00e9 nastaven\u00ed intenzity osv\u011btlen\u00ed podle pot\u0159eby &#8212; od n\u00e1ladov\u00e9ho m\u011bkk\u00e9ho sv\u011btla a\u017e po siln\u011bj\u0161\u00ed sv\u011bteln\u00fd zdroj pro [&hellip;]<\/p>\n","protected":false},"featured_media":37029,"template":"","meta":[],"product_brand":[],"product_cat":[211,188],"product_tag":[],"cenova-kategorie":[274],"styl":[278,272],"berocket_brand":[94],"class_list":{"0":"post-37052","1":"product","2":"type-product","3":"status-publish","4":"has-post-thumbnail","6":"product_cat-vyprodej","7":"product_cat-lampy-stojaci","8":"cenova-kategorie-low","9":"styl-glamour","10":"styl-moderni","11":"berocket_brand-otylight","13":"first","14":"instock","15":"sale","16":"shipping-taxable","17":"purchasable","18":"product-type-simple"},"_links":{"self":[{"href":"https:\/\/www.saloncardinal.com\/ru\/wp-json\/wp\/v2\/product\/37052","targetHints":{"allow":["GET"]}}],"collection":[{"href":"https:\/\/www.saloncardinal.com\/ru\/wp-json\/wp\/v2\/product"}],"about":[{"href":"https:\/\/www.saloncardinal.com\/ru\/wp-json\/wp\/v2\/types\/product"}],"wp:featuredmedia":[{"embeddable":true,"href":"https:\/\/www.saloncardinal.com\/ru\/wp-json\/wp\/v2\/media\/37029"}],"wp:attachment":[{"href":"https:\/\/www.saloncardinal.com\/ru\/wp-json\/wp\/v2\/media?parent=37052"}],"wp:term":[{"taxonomy":"product_brand","embeddable":true,"href":"https:\/\/www.saloncardinal.com\/ru\/wp-json\/wp\/v2\/product_brand?post=37052"},{"taxonomy":"product_cat","embeddable":true,"href":"https:\/\/www.saloncardinal.com\/ru\/wp-json\/wp\/v2\/product_cat?post=37052"},{"taxonomy":"product_tag","embeddable":true,"href":"https:\/\/www.saloncardinal.com\/ru\/wp-json\/wp\/v2\/product_tag?post=37052"},{"taxonomy":"cenova-kategorie","embeddable":true,"href":"https:\/\/www.saloncardinal.com\/ru\/wp-json\/wp\/v2\/cenova-kategorie?post=37052"},{"taxonomy":"styl","embeddable":true,"href":"https:\/\/www.saloncardinal.com\/ru\/wp-json\/wp\/v2\/styl?post=37052"},{"taxonomy":"berocket_brand","embeddable":true,"href":"https:\/\/www.saloncardinal.com\/ru\/wp-json\/wp\/v2\/berocket_brand?post=37052"}],"curies":[{"name":"wp","href":"https:\/\/api.w.org\/{rel}","templated":true}]}}