{"id":37051,"date":"2026-02-13T18:35:50","date_gmt":"2026-02-13T17:35:50","guid":{"rendered":"https:\/\/www.saloncardinal.com\/?post_type=product&#038;p=37051"},"modified":"2026-02-13T18:47:10","modified_gmt":"2026-02-13T17:47:10","slug":"designova-stojaci-lampa-caterina","status":"publish","type":"product","link":"https:\/\/www.saloncardinal.com\/ru\/produkt\/designova-stojaci-lampa-caterina\/","title":{"rendered":"CATERINA"},"content":{"rendered":"<p>Designov\u00e1 stojac\u00ed lampa CATERINA od italsk\u00e9 zna\u010dky Italamp spojuje precizn\u00ed kovovou konstrukci s elegantn\u00edm povrchem v kart\u00e1\u010dovan\u00e9m zlat\u011b a jemn\u011b vrstven\u00fdmi sklen\u011bn\u00fdmi difuzory. Sv\u00edtidlo je vybaveno dvojitou kombinac\u00ed skla \u2013 b\u00edl\u00e9ho a ach\u00e1tov\u00e9ho \u2013 kter\u00e1 prop\u016fj\u010duje sv\u011btlu jemnou hloubku, m\u011bkk\u00e9 rozpt\u00fdlen\u00ed a vizu\u00e1ln\u00ed zaj\u00edmavost.<\/p>\n<p>Elegantn\u00ed, \u0161t\u00edhl\u00fd tvar stojac\u00ed lampy CATERINA vytv\u00e1\u0159\u00ed p\u016fsobiv\u00fd vertik\u00e1ln\u00ed prvek v prostoru, kter\u00fd kombinuje dekorativn\u00ed charakter s funk\u010dn\u00edm osv\u011btlen\u00edm. D\u00edky pou\u017eit\u00ed vysoce kvalitn\u00edch materi\u00e1l\u016f a d\u016frazu na detail se lampa CATERINA st\u00e1v\u00e1 nejen zdrojem sv\u011btla, ale i dekorativn\u00edm solit\u00e9rem, kter\u00fd p\u0159itahuje pozornost a umoc\u0148uje estetiku cel\u00e9ho interi\u00e9ru.<\/p>\n<p>Tato stojac\u00ed lampa je ide\u00e1ln\u00ed volbou pro modern\u00ed ob\u00fdvac\u00ed pokoje, reprezentativn\u00ed spole\u010densk\u00e9 prostory, lounge z\u00f3ny nebo p\u0159eds\u00edn\u011b, kde sv\u011btlo vytv\u00e1\u0159\u00ed atmosf\u00e9ru klidu a z\u00e1rove\u0148 dod\u00e1v\u00e1 prostoru sofistikovan\u00fd styl.<\/p>\n<p>K\u00f3d: 4026\/P<\/p>\n<p>\u00daprava: White \/ Agatha \/ Brushed gold<\/p>\n<div class=\"info\">Rozm\u011bry: \u00d8 30 \u0445 160 cm.<\/div>\n<div class=\"info\">\n<div class=\"info\"><\/div>\n<\/div>\n","protected":false},"excerpt":{"rendered":"<p>Designov\u00e1 stojac\u00ed lampa CATERINA od italsk\u00e9 zna\u010dky Italamp spojuje precizn\u00ed kovovou konstrukci s elegantn\u00edm povrchem v kart\u00e1\u010dovan\u00e9m zlat\u011b a jemn\u011b vrstven\u00fdmi sklen\u011bn\u00fdmi difuzory. Sv\u00edtidlo je vybaveno dvojitou kombinac\u00ed skla \u2013 b\u00edl\u00e9ho a ach\u00e1tov\u00e9ho \u2013 kter\u00e1 prop\u016fj\u010duje sv\u011btlu jemnou hloubku, m\u011bkk\u00e9 rozpt\u00fdlen\u00ed a vizu\u00e1ln\u00ed zaj\u00edmavost. Elegantn\u00ed, \u0161t\u00edhl\u00fd tvar stojac\u00ed lampy CATERINA vytv\u00e1\u0159\u00ed p\u016fsobiv\u00fd vertik\u00e1ln\u00ed prvek v [&hellip;]<\/p>\n","protected":false},"featured_media":37021,"template":"","meta":[],"product_brand":[],"product_cat":[211,188],"product_tag":[],"cenova-kategorie":[275],"styl":[278,272],"berocket_brand":[78],"class_list":{"0":"post-37051","1":"product","2":"type-product","3":"status-publish","4":"has-post-thumbnail","6":"product_cat-vyprodej","7":"product_cat-lampy-stojaci","8":"cenova-kategorie-medium","9":"styl-glamour","10":"styl-moderni","11":"berocket_brand-italamp","13":"first","14":"instock","15":"sale","16":"shipping-taxable","17":"purchasable","18":"product-type-simple"},"_links":{"self":[{"href":"https:\/\/www.saloncardinal.com\/ru\/wp-json\/wp\/v2\/product\/37051","targetHints":{"allow":["GET"]}}],"collection":[{"href":"https:\/\/www.saloncardinal.com\/ru\/wp-json\/wp\/v2\/product"}],"about":[{"href":"https:\/\/www.saloncardinal.com\/ru\/wp-json\/wp\/v2\/types\/product"}],"wp:featuredmedia":[{"embeddable":true,"href":"https:\/\/www.saloncardinal.com\/ru\/wp-json\/wp\/v2\/media\/37021"}],"wp:attachment":[{"href":"https:\/\/www.saloncardinal.com\/ru\/wp-json\/wp\/v2\/media?parent=37051"}],"wp:term":[{"taxonomy":"product_brand","embeddable":true,"href":"https:\/\/www.saloncardinal.com\/ru\/wp-json\/wp\/v2\/product_brand?post=37051"},{"taxonomy":"product_cat","embeddable":true,"href":"https:\/\/www.saloncardinal.com\/ru\/wp-json\/wp\/v2\/product_cat?post=37051"},{"taxonomy":"product_tag","embeddable":true,"href":"https:\/\/www.saloncardinal.com\/ru\/wp-json\/wp\/v2\/product_tag?post=37051"},{"taxonomy":"cenova-kategorie","embeddable":true,"href":"https:\/\/www.saloncardinal.com\/ru\/wp-json\/wp\/v2\/cenova-kategorie?post=37051"},{"taxonomy":"styl","embeddable":true,"href":"https:\/\/www.saloncardinal.com\/ru\/wp-json\/wp\/v2\/styl?post=37051"},{"taxonomy":"berocket_brand","embeddable":true,"href":"https:\/\/www.saloncardinal.com\/ru\/wp-json\/wp\/v2\/berocket_brand?post=37051"}],"curies":[{"name":"wp","href":"https:\/\/api.w.org\/{rel}","templated":true}]}}