{"id":37045,"date":"2026-02-12T18:34:33","date_gmt":"2026-02-12T17:34:33","guid":{"rendered":"https:\/\/www.saloncardinal.com\/?post_type=product&#038;p=37045"},"modified":"2026-02-12T19:18:53","modified_gmt":"2026-02-12T18:18:53","slug":"moderni-zavesne-svitidlo-regolo","status":"publish","type":"product","link":"https:\/\/www.saloncardinal.com\/en\/produkt\/moderni-zavesne-svitidlo-regolo\/","title":{"rendered":"REGOLO"},"content":{"rendered":"<p>Modern\u00ed z\u00e1v\u011bsn\u00e9 sv\u00edtidlo REGOLO od Italamp p\u0159in\u00e1\u0161\u00ed do interi\u00e9ru nad\u010dasovou eleganci a \u010dist\u00e9 linie modern\u00edho designu. Dekorativn\u00ed prvek z mramoru Black Marquinia podtrhuje luxusn\u00ed vzhled sv\u00edtidla a dod\u00e1v\u00e1 prostoru v\u00fdrazn\u00fd kontrast i sofistikovan\u00fd charakter. Matn\u011b lakovan\u00fd kovov\u00fd difuzor v kombinaci s p\u0159\u00edrodn\u00edm kamenem vytv\u00e1\u0159\u00ed harmonii materi\u00e1l\u016f, kter\u00e1 p\u016fsob\u00ed modern\u011b, ale z\u00e1rove\u0148 nad\u010dasov\u011b. D\u00edky sv\u00e9 minimalistick\u00e9 form\u011b se sv\u00edtidlo snadno za\u010dlen\u00ed do r\u016fzn\u00fdch typ\u016f interi\u00e9r\u016f a st\u00e1v\u00e1 se elegantn\u00edm sv\u011bteln\u00fdm akcentem prostoru.<\/p>\n<p>Designov\u00e9 sv\u00edtidlo REGOLO je ide\u00e1ln\u00ed volbou pro modern\u00ed ob\u00fdvac\u00ed prostory, j\u00eddelny, pracovn\u00ed interi\u00e9ry i reprezentativn\u00ed komer\u010dn\u00ed prostory, kde sv\u011btlo podtrhuje architekturu a vytv\u00e1\u0159\u00ed p\u0159\u00edjemnou atmosf\u00e9ru pro ka\u017edodenn\u00ed \u017eivot i spole\u010densk\u00e1 setk\u00e1n\u00ed.<\/p>\n<div class=\"info\">\n<p data-rm-block-id=\"block-2\">K\u00f3d: 8146\/SG<\/p>\n<p data-rm-block-id=\"block-3\">\u00daprava: WARM GREY \/ BLACK MARQUINIA MARBLE<\/p>\n<\/div>\n<div class=\"info\" data-rm-block-id=\"block-4\">Rozm\u011br: 160 \u0445 14 \u0445<span lang=\"EN-US\"> 14 cm<\/span><\/div>\n","protected":false},"excerpt":{"rendered":"<p>Modern\u00ed z\u00e1v\u011bsn\u00e9 sv\u00edtidlo REGOLO od Italamp p\u0159in\u00e1\u0161\u00ed do interi\u00e9ru nad\u010dasovou eleganci a \u010dist\u00e9 linie modern\u00edho designu. Dekorativn\u00ed prvek z mramoru Black Marquinia podtrhuje luxusn\u00ed vzhled sv\u00edtidla a dod\u00e1v\u00e1 prostoru v\u00fdrazn\u00fd kontrast i sofistikovan\u00fd charakter. Matn\u011b lakovan\u00fd kovov\u00fd difuzor v kombinaci s p\u0159\u00edrodn\u00edm kamenem vytv\u00e1\u0159\u00ed harmonii materi\u00e1l\u016f, kter\u00e1 p\u016fsob\u00ed modern\u011b, ale z\u00e1rove\u0148 nad\u010dasov\u011b. D\u00edky sv\u00e9 minimalistick\u00e9 [&hellip;]<\/p>\n","protected":false},"featured_media":37024,"template":"","meta":[],"product_brand":[],"product_cat":[211,210],"product_tag":[],"cenova-kategorie":[275],"styl":[278,272],"berocket_brand":[78],"class_list":{"0":"post-37045","1":"product","2":"type-product","3":"status-publish","4":"has-post-thumbnail","6":"product_cat-vyprodej","7":"product_cat-zavesna-svitidla","8":"cenova-kategorie-medium","9":"styl-glamour","10":"styl-moderni","11":"berocket_brand-italamp","13":"first","14":"instock","15":"sale","16":"shipping-taxable","17":"purchasable","18":"product-type-simple"},"_links":{"self":[{"href":"https:\/\/www.saloncardinal.com\/en\/wp-json\/wp\/v2\/product\/37045","targetHints":{"allow":["GET"]}}],"collection":[{"href":"https:\/\/www.saloncardinal.com\/en\/wp-json\/wp\/v2\/product"}],"about":[{"href":"https:\/\/www.saloncardinal.com\/en\/wp-json\/wp\/v2\/types\/product"}],"wp:featuredmedia":[{"embeddable":true,"href":"https:\/\/www.saloncardinal.com\/en\/wp-json\/wp\/v2\/media\/37024"}],"wp:attachment":[{"href":"https:\/\/www.saloncardinal.com\/en\/wp-json\/wp\/v2\/media?parent=37045"}],"wp:term":[{"taxonomy":"product_brand","embeddable":true,"href":"https:\/\/www.saloncardinal.com\/en\/wp-json\/wp\/v2\/product_brand?post=37045"},{"taxonomy":"product_cat","embeddable":true,"href":"https:\/\/www.saloncardinal.com\/en\/wp-json\/wp\/v2\/product_cat?post=37045"},{"taxonomy":"product_tag","embeddable":true,"href":"https:\/\/www.saloncardinal.com\/en\/wp-json\/wp\/v2\/product_tag?post=37045"},{"taxonomy":"cenova-kategorie","embeddable":true,"href":"https:\/\/www.saloncardinal.com\/en\/wp-json\/wp\/v2\/cenova-kategorie?post=37045"},{"taxonomy":"styl","embeddable":true,"href":"https:\/\/www.saloncardinal.com\/en\/wp-json\/wp\/v2\/styl?post=37045"},{"taxonomy":"berocket_brand","embeddable":true,"href":"https:\/\/www.saloncardinal.com\/en\/wp-json\/wp\/v2\/berocket_brand?post=37045"}],"curies":[{"name":"wp","href":"https:\/\/api.w.org\/{rel}","templated":true}]}}