{"id":37040,"date":"2026-02-12T17:23:18","date_gmt":"2026-02-12T16:23:18","guid":{"rendered":"https:\/\/www.saloncardinal.com\/?post_type=product&#038;p=37040"},"modified":"2026-02-12T19:03:18","modified_gmt":"2026-02-12T18:03:18","slug":"designove-zavesne-svitidlo-piola","status":"publish","type":"product","link":"https:\/\/www.saloncardinal.com\/en\/produkt\/designove-zavesne-svitidlo-piola\/","title":{"rendered":"PIOLA"},"content":{"rendered":"<p>Designov\u00e9 z\u00e1v\u011bsn\u00e9 sv\u00edtidlo PIOLA od Italamp spojuje elegantn\u00ed kovovou strukturu se sklen\u011bn\u00fdmi prvky s vnit\u0159n\u00edmi mikrobublinami, kter\u00e9 LED sv\u011btlo prom\u011b\u0148uj\u00ed v jemnou sv\u011btelnou hru. Vertik\u00e1ln\u011b zav\u011b\u0161en\u00e9 sklen\u011bn\u00e9 ty\u010de vytv\u00e1\u0159ej\u00ed efekt sv\u011bteln\u00e9 clony, kter\u00e1 jemn\u011b \u010dlen\u00ed prostor a z\u00e1rove\u0148 dod\u00e1v\u00e1 interi\u00e9ru lehkost a hloubku. Sv\u00edtidlo tak p\u016fsob\u00ed nejen jako zdroj osv\u011btlen\u00ed, ale i jako architektonick\u00fd prvek, kter\u00fd umo\u017e\u0148uje stylov\u011b odd\u011blit jednotliv\u00e9 \u010d\u00e1sti interi\u00e9ru bez ztr\u00e1ty otev\u0159enosti prostoru.<\/p>\n<p>Stylov\u00e9 italsk\u00e9 sv\u00edtidlo\u00a0PIOLA je ide\u00e1ln\u00ed pro modern\u00ed obytn\u00e9 interi\u00e9ry, hotelov\u00e9 lobby, lounge z\u00f3ny \u010di reprezentativn\u00ed komer\u010dn\u00ed prostory, kde sv\u011btlo vytv\u00e1\u0159\u00ed atmosf\u00e9ru a p\u0159irozen\u011b strukturuje prostor.<\/p>\n<div class=\"info\">\n<p data-rm-block-id=\"block-2\">K\u00f3d: 687\/200<\/p>\n<p data-rm-block-id=\"block-3\">\u00daprava:<\/p>\n<p>Rozm\u011br: 20<span lang=\"EN-US\">0 \u0445 5 \u0445 215 cm<\/span><\/p>\n<\/div>\n","protected":false},"excerpt":{"rendered":"<p>Designov\u00e9 z\u00e1v\u011bsn\u00e9 sv\u00edtidlo PIOLA od Italamp spojuje elegantn\u00ed kovovou strukturu se sklen\u011bn\u00fdmi prvky s vnit\u0159n\u00edmi mikrobublinami, kter\u00e9 LED sv\u011btlo prom\u011b\u0148uj\u00ed v jemnou sv\u011btelnou hru. Vertik\u00e1ln\u011b zav\u011b\u0161en\u00e9 sklen\u011bn\u00e9 ty\u010de vytv\u00e1\u0159ej\u00ed efekt sv\u011bteln\u00e9 clony, kter\u00e1 jemn\u011b \u010dlen\u00ed prostor a z\u00e1rove\u0148 dod\u00e1v\u00e1 interi\u00e9ru lehkost a hloubku. Sv\u00edtidlo tak p\u016fsob\u00ed nejen jako zdroj osv\u011btlen\u00ed, ale i jako architektonick\u00fd prvek, [&hellip;]<\/p>\n","protected":false},"featured_media":37023,"template":"","meta":[],"product_brand":[],"product_cat":[211,210],"product_tag":[],"cenova-kategorie":[275],"styl":[278,272],"berocket_brand":[78],"class_list":{"0":"post-37040","1":"product","2":"type-product","3":"status-publish","4":"has-post-thumbnail","6":"product_cat-vyprodej","7":"product_cat-zavesna-svitidla","8":"cenova-kategorie-medium","9":"styl-glamour","10":"styl-moderni","11":"berocket_brand-italamp","13":"first","14":"instock","15":"sale","16":"shipping-taxable","17":"purchasable","18":"product-type-simple"},"_links":{"self":[{"href":"https:\/\/www.saloncardinal.com\/en\/wp-json\/wp\/v2\/product\/37040","targetHints":{"allow":["GET"]}}],"collection":[{"href":"https:\/\/www.saloncardinal.com\/en\/wp-json\/wp\/v2\/product"}],"about":[{"href":"https:\/\/www.saloncardinal.com\/en\/wp-json\/wp\/v2\/types\/product"}],"wp:featuredmedia":[{"embeddable":true,"href":"https:\/\/www.saloncardinal.com\/en\/wp-json\/wp\/v2\/media\/37023"}],"wp:attachment":[{"href":"https:\/\/www.saloncardinal.com\/en\/wp-json\/wp\/v2\/media?parent=37040"}],"wp:term":[{"taxonomy":"product_brand","embeddable":true,"href":"https:\/\/www.saloncardinal.com\/en\/wp-json\/wp\/v2\/product_brand?post=37040"},{"taxonomy":"product_cat","embeddable":true,"href":"https:\/\/www.saloncardinal.com\/en\/wp-json\/wp\/v2\/product_cat?post=37040"},{"taxonomy":"product_tag","embeddable":true,"href":"https:\/\/www.saloncardinal.com\/en\/wp-json\/wp\/v2\/product_tag?post=37040"},{"taxonomy":"cenova-kategorie","embeddable":true,"href":"https:\/\/www.saloncardinal.com\/en\/wp-json\/wp\/v2\/cenova-kategorie?post=37040"},{"taxonomy":"styl","embeddable":true,"href":"https:\/\/www.saloncardinal.com\/en\/wp-json\/wp\/v2\/styl?post=37040"},{"taxonomy":"berocket_brand","embeddable":true,"href":"https:\/\/www.saloncardinal.com\/en\/wp-json\/wp\/v2\/berocket_brand?post=37040"}],"curies":[{"name":"wp","href":"https:\/\/api.w.org\/{rel}","templated":true}]}}